{"id":528,"date":"2019-10-07T19:05:36","date_gmt":"2019-10-07T19:05:36","guid":{"rendered":"http:\/\/alpacash.de\/wp\/?page_id=528"},"modified":"2019-11-24T17:11:17","modified_gmt":"2019-11-24T17:11:17","slug":"material-fakten-und-pflege","status":"publish","type":"page","link":"https:\/\/alpacash.de\/wp\/material-fakten-und-pflege\/","title":{"rendered":"Material &#8211; Fakten und Pflege"},"content":{"rendered":"\n<p>Informationen zur Reinigung und Pflege unserer Alpaka Kleidung<\/p>\n\n\n\n<p>Alpakawolle und insbesondere Baby Alpakawolle ist ein ganz besonders edler und geschmeidiger Stoff. Deshalb versuchen viele Ihre Kleidungsst\u00fccke vor Wind und Wetter zu sch\u00fctzen. Auch bei der Reinigung und Pflege sind Sie sehr vorsichtig. Das ist jedoch \u00fcberhaupt nicht n\u00f6tig!<\/p>\n\n\n\n<p>Die Fasern\nder Alpakawolle sind sehr robust, langlebig, schmutzabweisend und teilweise\nrei\u00dffester als andere Wollfasern. Sie sind knitterresistent, widerstandsf\u00e4hig\nund bilden kaum Wollkn\u00f6llchen.<\/p>\n\n\n\n<p>Aus diesen Gr\u00fcnden kann man die Pflege und Reinigung von Alpaka Kleidung als sehr pflegeleicht bezeichnen, da diese wie herk\u00f6mmliche Wollprodukte zu handhaben ist.<\/p>\n\n\n\n<h2>Hier die wichtigsten Pflege- und Reinigungstipps deiner Alpa-Produkte:<\/h2>\n\n\n\n<ul><li><strong>Ausl\u00fcften<\/strong> an der frischen Luft ist besser als Waschen, um unangenehme Ger\u00fcche loszuwerden. Keine Sorge bzgl. der Hygiene. Die Alpakawolle besitzt aufgrund des niedrigen Fettanteils in den Fasern eine antibakterielle Wirkung. So k\u00f6nnen sich Bakterien auf der Oberfl\u00e4che nicht vermehren und sterben somit ab. Eine unangenehme Geruchsbildung wird verhindert und Ansteckungen werden verhindert.<\/li><li><strong>Handreinigung <\/strong>bei rund 30 Grad Celsius ist die beste Art der Reinigung. Die Kleidung mit Wollwaschmittel einweichen und danach mit klaren und warmen Wasser aussp\u00fclen. Den Stoff bei der Handw\u00e4sche m\u00f6glichst nicht aneinander reiben, da sich andernfalls kleine Kn\u00f6tchen bilden k\u00f6nnen.<\/li><li>Reinigung in der Waschmaschine ist nur mit einem speziellen und schonenden Spezialprogramm f\u00fcr Wolle oder Feinw\u00e4sche zu empfehlen, das kein Schleudern beinhaltet.&nbsp; Es sollte auch kein Weichsp\u00fcler verwendet werden. <\/li><li>Um eventuelle N\u00e4sse nach dem Waschen herauszudr\u00fccken, sollten die Kleidungsst\u00fccke mit einem Handtuch umwickelt und zusammengedr\u00fcckt werden. So wird die N\u00e4sse herausgepresst.<\/li><li>Kleidung nicht auf die W\u00e4scheleine h\u00e4ngen, sondern <strong>liegend trocknen<\/strong>. So beh\u00e4lt die Kleidung besser die Form. Dabei sollte sie nicht direkter Sonneneinstrahlung ausgesetzt werden. <\/li><li><strong>Keinen Trockner<\/strong> verwenden, da die Kleidungsst\u00fccke sonst einlaufen.<\/li><li>Bei der Lagerung im Kleiderschrank auf Motten achten, da sie die Alpakawolle ganz besonders gerne fressen. Hierzu kann die Kleidung in Plastikt\u00fcten verpackt werden (insbesondere wenn die Kleidung l\u00e4nger im Schrank liegen bleibt) oder Lavendel\/Zedernholz beilegen.<\/li><\/ul>\n\n\n\n<p>Bei weiteren Fragen oder Anregungen bitte gerne unser <a href=\"https:\/\/alpacash.de\/wp\/kontaktformular\/\">Kontaktformular<\/a> nutzen.<\/p>\n","protected":false},"excerpt":{"rendered":"<p>Informationen zur Reinigung und Pflege unserer Alpaka Kleidung Alpakawolle und insbesondere Baby Alpakawolle ist ein ganz besonders edler und geschmeidiger Stoff. Deshalb versuchen viele Ihre Kleidungsst\u00fccke vor Wind und Wetter zu sch\u00fctzen. Auch bei der Reinigung und Pflege sind Sie sehr vorsichtig. Das ist jedoch \u00fcberhaupt nicht n\u00f6tig! Die Fasern der Alpakawolle sind sehr robust, [&hellip;]<\/p>\n","protected":false},"author":1,"featured_media":0,"parent":0,"menu_order":0,"comment_status":"closed","ping_status":"closed","template":"","meta":[],"yoast_head":"<!-- This site is optimized with the Yoast SEO plugin v19.13 - https:\/\/yoast.com\/wordpress\/plugins\/seo\/ -->\n<title>Material - Fakten und Pflege &#8902; alpacash.de<\/title>\n<meta name=\"description\" content=\"Die wichtigsten Fakten zur Pflege und Reinigung deiner Alpaka Kleidung. Alles f\u00fcr eine langj\u00e4hrige und optimalen Nutzung.\" \/>\n<meta name=\"robots\" content=\"index, follow, max-snippet:-1, max-image-preview:large, max-video-preview:-1\" \/>\n<link rel=\"canonical\" href=\"https:\/\/alpacash.de\/wp\/material-fakten-und-pflege\/\" \/>\n<meta property=\"og:locale\" content=\"de_DE\" \/>\n<meta property=\"og:type\" content=\"article\" \/>\n<meta property=\"og:title\" content=\"Material - Fakten und Pflege &#8902; alpacash.de\" \/>\n<meta property=\"og:description\" content=\"Die wichtigsten Fakten zur Pflege und Reinigung deiner Alpaka Kleidung. Alles f\u00fcr eine langj\u00e4hrige und optimalen Nutzung.\" \/>\n<meta property=\"og:url\" content=\"https:\/\/alpacash.de\/wp\/material-fakten-und-pflege\/\" \/>\n<meta property=\"og:site_name\" content=\"alpacash.de\" \/>\n<meta property=\"article:publisher\" content=\"https:\/\/www.facebook.com\/Alpacash-568447406988311\/\" \/>\n<meta property=\"article:modified_time\" content=\"2019-11-24T17:11:17+00:00\" \/>\n<meta name=\"twitter:card\" content=\"summary_large_image\" \/>\n<meta name=\"twitter:label1\" content=\"Gesch\u00e4tzte Lesezeit\" \/>\n\t<meta name=\"twitter:data1\" content=\"2\u00a0Minuten\" \/>\n<script type=\"application\/ld+json\" class=\"yoast-schema-graph\">{\"@context\":\"https:\/\/schema.org\",\"@graph\":[{\"@type\":\"WebPage\",\"@id\":\"https:\/\/alpacash.de\/wp\/material-fakten-und-pflege\/\",\"url\":\"https:\/\/alpacash.de\/wp\/material-fakten-und-pflege\/\",\"name\":\"Material - Fakten und Pflege &#8902; alpacash.de\",\"isPartOf\":{\"@id\":\"https:\/\/alpacash.de\/wp\/#website\"},\"datePublished\":\"2019-10-07T19:05:36+00:00\",\"dateModified\":\"2019-11-24T17:11:17+00:00\",\"description\":\"Die wichtigsten Fakten zur Pflege und Reinigung deiner Alpaka Kleidung. Alles f\u00fcr eine langj\u00e4hrige und optimalen Nutzung.\",\"breadcrumb\":{\"@id\":\"https:\/\/alpacash.de\/wp\/material-fakten-und-pflege\/#breadcrumb\"},\"inLanguage\":\"de\",\"potentialAction\":[{\"@type\":\"ReadAction\",\"target\":[\"https:\/\/alpacash.de\/wp\/material-fakten-und-pflege\/\"]}]},{\"@type\":\"BreadcrumbList\",\"@id\":\"https:\/\/alpacash.de\/wp\/material-fakten-und-pflege\/#breadcrumb\",\"itemListElement\":[{\"@type\":\"ListItem\",\"position\":1,\"name\":\"Startseite\",\"item\":\"https:\/\/alpacash.de\/wp\/\"},{\"@type\":\"ListItem\",\"position\":2,\"name\":\"Material &#8211; Fakten und Pflege\"}]},{\"@type\":\"WebSite\",\"@id\":\"https:\/\/alpacash.de\/wp\/#website\",\"url\":\"https:\/\/alpacash.de\/wp\/\",\"name\":\"alpacash.de\",\"description\":\"Originale Alpaka Kleidung\",\"publisher\":{\"@id\":\"https:\/\/alpacash.de\/wp\/#organization\"},\"potentialAction\":[{\"@type\":\"SearchAction\",\"target\":{\"@type\":\"EntryPoint\",\"urlTemplate\":\"https:\/\/alpacash.de\/wp\/?s={search_term_string}\"},\"query-input\":\"required name=search_term_string\"}],\"inLanguage\":\"de\"},{\"@type\":\"Organization\",\"@id\":\"https:\/\/alpacash.de\/wp\/#organization\",\"name\":\"Alpacash\",\"url\":\"https:\/\/alpacash.de\/wp\/\",\"logo\":{\"@type\":\"ImageObject\",\"inLanguage\":\"de\",\"@id\":\"https:\/\/alpacash.de\/wp\/#\/schema\/logo\/image\/\",\"url\":\"https:\/\/alpacash.de\/wp\/wp-content\/uploads\/2019\/10\/AC_logo_07_14_bw.jpg\",\"contentUrl\":\"https:\/\/alpacash.de\/wp\/wp-content\/uploads\/2019\/10\/AC_logo_07_14_bw.jpg\",\"width\":4013,\"height\":3708,\"caption\":\"Alpacash\"},\"image\":{\"@id\":\"https:\/\/alpacash.de\/wp\/#\/schema\/logo\/image\/\"},\"sameAs\":[\"https:\/\/www.instagram.com\/alpacash_clothing\/\",\"https:\/\/www.facebook.com\/Alpacash-568447406988311\/\"]}]}<\/script>\n<!-- \/ Yoast SEO plugin. -->","yoast_head_json":{"title":"Material - Fakten und Pflege &#8902; alpacash.de","description":"Die wichtigsten Fakten zur Pflege und Reinigung deiner Alpaka Kleidung. Alles f\u00fcr eine langj\u00e4hrige und optimalen Nutzung.","robots":{"index":"index","follow":"follow","max-snippet":"max-snippet:-1","max-image-preview":"max-image-preview:large","max-video-preview":"max-video-preview:-1"},"canonical":"https:\/\/alpacash.de\/wp\/material-fakten-und-pflege\/","og_locale":"de_DE","og_type":"article","og_title":"Material - Fakten und Pflege &#8902; alpacash.de","og_description":"Die wichtigsten Fakten zur Pflege und Reinigung deiner Alpaka Kleidung. Alles f\u00fcr eine langj\u00e4hrige und optimalen Nutzung.","og_url":"https:\/\/alpacash.de\/wp\/material-fakten-und-pflege\/","og_site_name":"alpacash.de","article_publisher":"https:\/\/www.facebook.com\/Alpacash-568447406988311\/","article_modified_time":"2019-11-24T17:11:17+00:00","twitter_card":"summary_large_image","twitter_misc":{"Gesch\u00e4tzte Lesezeit":"2\u00a0Minuten"},"schema":{"@context":"https:\/\/schema.org","@graph":[{"@type":"WebPage","@id":"https:\/\/alpacash.de\/wp\/material-fakten-und-pflege\/","url":"https:\/\/alpacash.de\/wp\/material-fakten-und-pflege\/","name":"Material - Fakten und Pflege &#8902; alpacash.de","isPartOf":{"@id":"https:\/\/alpacash.de\/wp\/#website"},"datePublished":"2019-10-07T19:05:36+00:00","dateModified":"2019-11-24T17:11:17+00:00","description":"Die wichtigsten Fakten zur Pflege und Reinigung deiner Alpaka Kleidung. Alles f\u00fcr eine langj\u00e4hrige und optimalen Nutzung.","breadcrumb":{"@id":"https:\/\/alpacash.de\/wp\/material-fakten-und-pflege\/#breadcrumb"},"inLanguage":"de","potentialAction":[{"@type":"ReadAction","target":["https:\/\/alpacash.de\/wp\/material-fakten-und-pflege\/"]}]},{"@type":"BreadcrumbList","@id":"https:\/\/alpacash.de\/wp\/material-fakten-und-pflege\/#breadcrumb","itemListElement":[{"@type":"ListItem","position":1,"name":"Startseite","item":"https:\/\/alpacash.de\/wp\/"},{"@type":"ListItem","position":2,"name":"Material &#8211; Fakten und Pflege"}]},{"@type":"WebSite","@id":"https:\/\/alpacash.de\/wp\/#website","url":"https:\/\/alpacash.de\/wp\/","name":"alpacash.de","description":"Originale Alpaka Kleidung","publisher":{"@id":"https:\/\/alpacash.de\/wp\/#organization"},"potentialAction":[{"@type":"SearchAction","target":{"@type":"EntryPoint","urlTemplate":"https:\/\/alpacash.de\/wp\/?s={search_term_string}"},"query-input":"required name=search_term_string"}],"inLanguage":"de"},{"@type":"Organization","@id":"https:\/\/alpacash.de\/wp\/#organization","name":"Alpacash","url":"https:\/\/alpacash.de\/wp\/","logo":{"@type":"ImageObject","inLanguage":"de","@id":"https:\/\/alpacash.de\/wp\/#\/schema\/logo\/image\/","url":"https:\/\/alpacash.de\/wp\/wp-content\/uploads\/2019\/10\/AC_logo_07_14_bw.jpg","contentUrl":"https:\/\/alpacash.de\/wp\/wp-content\/uploads\/2019\/10\/AC_logo_07_14_bw.jpg","width":4013,"height":3708,"caption":"Alpacash"},"image":{"@id":"https:\/\/alpacash.de\/wp\/#\/schema\/logo\/image\/"},"sameAs":["https:\/\/www.instagram.com\/alpacash_clothing\/","https:\/\/www.facebook.com\/Alpacash-568447406988311\/"]}]}},"jetpack_sharing_enabled":true,"jetpack_shortlink":"https:\/\/wp.me\/PartJJ-8w","_links":{"self":[{"href":"https:\/\/alpacash.de\/wp\/wp-json\/wp\/v2\/pages\/528"}],"collection":[{"href":"https:\/\/alpacash.de\/wp\/wp-json\/wp\/v2\/pages"}],"about":[{"href":"https:\/\/alpacash.de\/wp\/wp-json\/wp\/v2\/types\/page"}],"author":[{"embeddable":true,"href":"https:\/\/alpacash.de\/wp\/wp-json\/wp\/v2\/users\/1"}],"replies":[{"embeddable":true,"href":"https:\/\/alpacash.de\/wp\/wp-json\/wp\/v2\/comments?post=528"}],"version-history":[{"count":10,"href":"https:\/\/alpacash.de\/wp\/wp-json\/wp\/v2\/pages\/528\/revisions"}],"predecessor-version":[{"id":977,"href":"https:\/\/alpacash.de\/wp\/wp-json\/wp\/v2\/pages\/528\/revisions\/977"}],"wp:attachment":[{"href":"https:\/\/alpacash.de\/wp\/wp-json\/wp\/v2\/media?parent=528"}],"curies":[{"name":"wp","href":"https:\/\/api.w.org\/{rel}","templated":true}]}}