{"id":1463,"date":"2021-11-15T17:22:03","date_gmt":"2021-11-15T17:22:03","guid":{"rendered":"https:\/\/alpacash.de\/wp\/?post_type=product&#038;p=1463"},"modified":"2025-12-05T05:56:54","modified_gmt":"2025-12-05T05:56:54","slug":"damen-pullover-crewneck-100-baby-alpaka-3-farben","status":"publish","type":"product","link":"https:\/\/alpacash.de\/wp\/product\/damen-pullover-crewneck-100-baby-alpaka-3-farben\/","title":{"rendered":"Damen Pullover crewneck \/ 100 % Baby Alpaka \/ 3 Farben"},"content":{"rendered":"<p>Hochwertig verarbeiteter Damen Pullover (crewneck) aus Baby Alpakawolle in den Farben Grau, T\u00fcrkis und Weinrot. Ein bequemer Begleiter in allen Situationen.<\/p>\n<ul>\n<li>Damen Pullover mit runder Kragenform und Lang\u00e4rmeln aus 100% Baby Alpakawolle<\/li>\n<li>Die Alpakawolle garantiert ein weiches, juckfreies und thermoisolierendes Trageerlebnis<\/li>\n<li>Der l\u00e4ssig und locker geschnittene Pullover mit verk\u00fcrzter L\u00e4nge passt besonders gut zu hoch taillierten Jeans, Shorts oder R\u00f6cken f\u00fcr einen stilvollen Look<\/li>\n<li>Ideal f\u00fcr Freizeitaktivit\u00e4ten jeglicher Art oder f\u00fcr zu Hause zum Entspannen auf dem dem Sofa<\/li>\n<li>Angenehmer Tragekomfort dank hochwertiger Verarbeitung<\/li>\n<li>Einheitsgr\u00f6\u00dfe, jedoch f\u00fcr Damen mit unterschiedlicher K\u00f6rpergr\u00f6\u00dfe sehr gut geeignet<\/li>\n<li>Die Strickjacke l\u00e4sst sich wunderbar mit unseren M\u00fctzen und anderen ALPACASH-Produkten aus unserem Sortiment kombinieren<\/li>\n<\/ul>\n<p><span style=\"color: #3366ff;\"><a style=\"color: #3366ff;\" href=\"http:\/\/alpacash.de\/wp\/material-fakten-und-pflege\/\" target=\"_blank\" rel=\"noopener noreferrer\">Klicke hier, um mehr \u00fcber die optimale Pflege und die Eigenschaften unserer Alpakakleidung zu erfahren<\/a><\/span><\/p>\n","protected":false},"excerpt":{"rendered":"<p>Handvollendeter Damen Pullover mit runder Kragenform und verk\u00fcrzter L\u00e4nge in verschiedenen aufregenden Farben aus reiner Baby Alpakawolle<\/p>\n","protected":false},"featured_media":1511,"comment_status":"open","ping_status":"closed","template":"","meta":{"jetpack_publicize_message":"","jetpack_is_tweetstorm":false,"jetpack_publicize_feature_enabled":true},"product_cat":[57],"product_tag":[],"jetpack_publicize_connections":[],"yoast_head":"<!-- This site is optimized with the Yoast SEO plugin v19.13 - https:\/\/yoast.com\/wordpress\/plugins\/seo\/ -->\n<title>Damen Pullover crewneck \/ 100 % Baby Alpaka \/ 3 Farben &#8902; alpacash.de<\/title>\n<meta name=\"description\" content=\"Beanie large \/ Strickm\u00fctze \/ 100 % Baby Alpaka M\u00fctze in den Farben T\u00fcrkis, Beige, Schwarz und Grau f\u00fcr Damen und Herren geeignet\" \/>\n<meta name=\"robots\" content=\"index, follow, max-snippet:-1, max-image-preview:large, max-video-preview:-1\" \/>\n<link rel=\"canonical\" href=\"https:\/\/alpacash.de\/wp\/product\/damen-pullover-crewneck-100-baby-alpaka-3-farben\/\" \/>\n<meta property=\"og:locale\" content=\"de_DE\" \/>\n<meta property=\"og:type\" content=\"article\" \/>\n<meta property=\"og:title\" content=\"Damen Pullover crewneck \/ 100 % Baby Alpaka \/ 3 Farben &#8902; alpacash.de\" \/>\n<meta property=\"og:description\" content=\"Beanie large \/ Strickm\u00fctze \/ 100 % Baby Alpaka M\u00fctze in den Farben T\u00fcrkis, Beige, Schwarz und Grau f\u00fcr Damen und Herren geeignet\" \/>\n<meta property=\"og:url\" content=\"https:\/\/alpacash.de\/wp\/product\/damen-pullover-crewneck-100-baby-alpaka-3-farben\/\" \/>\n<meta property=\"og:site_name\" content=\"alpacash.de\" \/>\n<meta property=\"article:publisher\" content=\"https:\/\/www.facebook.com\/Alpacash-568447406988311\/\" \/>\n<meta property=\"article:modified_time\" content=\"2025-12-05T05:56:54+00:00\" \/>\n<meta property=\"og:image\" content=\"https:\/\/alpacash.de\/wp\/wp-content\/uploads\/2021\/11\/DSC1004-1024x972.png\" \/>\n\t<meta property=\"og:image:width\" content=\"1024\" \/>\n\t<meta property=\"og:image:height\" content=\"972\" \/>\n\t<meta property=\"og:image:type\" content=\"image\/png\" \/>\n<meta name=\"twitter:card\" content=\"summary_large_image\" \/>\n<meta name=\"twitter:label1\" content=\"Gesch\u00e4tzte Lesezeit\" \/>\n\t<meta name=\"twitter:data1\" content=\"1\u00a0Minute\" \/>\n<script type=\"application\/ld+json\" class=\"yoast-schema-graph\">{\"@context\":\"https:\/\/schema.org\",\"@graph\":[{\"@type\":\"WebPage\",\"@id\":\"https:\/\/alpacash.de\/wp\/product\/damen-pullover-crewneck-100-baby-alpaka-3-farben\/\",\"url\":\"https:\/\/alpacash.de\/wp\/product\/damen-pullover-crewneck-100-baby-alpaka-3-farben\/\",\"name\":\"Damen Pullover crewneck \/ 100 % Baby Alpaka \/ 3 Farben &#8902; alpacash.de\",\"isPartOf\":{\"@id\":\"https:\/\/alpacash.de\/wp\/#website\"},\"datePublished\":\"2021-11-15T17:22:03+00:00\",\"dateModified\":\"2025-12-05T05:56:54+00:00\",\"description\":\"Beanie large \/ Strickm\u00fctze \/ 100 % Baby Alpaka M\u00fctze in den Farben T\u00fcrkis, Beige, Schwarz und Grau f\u00fcr Damen und Herren geeignet\",\"breadcrumb\":{\"@id\":\"https:\/\/alpacash.de\/wp\/product\/damen-pullover-crewneck-100-baby-alpaka-3-farben\/#breadcrumb\"},\"inLanguage\":\"de\",\"potentialAction\":[{\"@type\":\"ReadAction\",\"target\":[\"https:\/\/alpacash.de\/wp\/product\/damen-pullover-crewneck-100-baby-alpaka-3-farben\/\"]}]},{\"@type\":\"BreadcrumbList\",\"@id\":\"https:\/\/alpacash.de\/wp\/product\/damen-pullover-crewneck-100-baby-alpaka-3-farben\/#breadcrumb\",\"itemListElement\":[{\"@type\":\"ListItem\",\"position\":1,\"name\":\"Startseite\",\"item\":\"https:\/\/alpacash.de\/wp\/\"},{\"@type\":\"ListItem\",\"position\":2,\"name\":\"Alpakashop\",\"item\":\"https:\/\/alpacash.de\/wp\/shop\/\"},{\"@type\":\"ListItem\",\"position\":3,\"name\":\"Damen Pullover crewneck \/ 100 % Baby Alpaka \/ 3 Farben\"}]},{\"@type\":\"WebSite\",\"@id\":\"https:\/\/alpacash.de\/wp\/#website\",\"url\":\"https:\/\/alpacash.de\/wp\/\",\"name\":\"alpacash.de\",\"description\":\"Originale Alpaka Kleidung\",\"publisher\":{\"@id\":\"https:\/\/alpacash.de\/wp\/#organization\"},\"potentialAction\":[{\"@type\":\"SearchAction\",\"target\":{\"@type\":\"EntryPoint\",\"urlTemplate\":\"https:\/\/alpacash.de\/wp\/?s={search_term_string}\"},\"query-input\":\"required name=search_term_string\"}],\"inLanguage\":\"de\"},{\"@type\":\"Organization\",\"@id\":\"https:\/\/alpacash.de\/wp\/#organization\",\"name\":\"Alpacash\",\"url\":\"https:\/\/alpacash.de\/wp\/\",\"logo\":{\"@type\":\"ImageObject\",\"inLanguage\":\"de\",\"@id\":\"https:\/\/alpacash.de\/wp\/#\/schema\/logo\/image\/\",\"url\":\"https:\/\/alpacash.de\/wp\/wp-content\/uploads\/2019\/10\/AC_logo_07_14_bw.jpg\",\"contentUrl\":\"https:\/\/alpacash.de\/wp\/wp-content\/uploads\/2019\/10\/AC_logo_07_14_bw.jpg\",\"width\":4013,\"height\":3708,\"caption\":\"Alpacash\"},\"image\":{\"@id\":\"https:\/\/alpacash.de\/wp\/#\/schema\/logo\/image\/\"},\"sameAs\":[\"https:\/\/www.instagram.com\/alpacash_clothing\/\",\"https:\/\/www.facebook.com\/Alpacash-568447406988311\/\"]}]}<\/script>\n<!-- \/ Yoast SEO plugin. -->","yoast_head_json":{"title":"Damen Pullover crewneck \/ 100 % Baby Alpaka \/ 3 Farben &#8902; alpacash.de","description":"Beanie large \/ Strickm\u00fctze \/ 100 % Baby Alpaka M\u00fctze in den Farben T\u00fcrkis, Beige, Schwarz und Grau f\u00fcr Damen und Herren geeignet","robots":{"index":"index","follow":"follow","max-snippet":"max-snippet:-1","max-image-preview":"max-image-preview:large","max-video-preview":"max-video-preview:-1"},"canonical":"https:\/\/alpacash.de\/wp\/product\/damen-pullover-crewneck-100-baby-alpaka-3-farben\/","og_locale":"de_DE","og_type":"article","og_title":"Damen Pullover crewneck \/ 100 % Baby Alpaka \/ 3 Farben &#8902; alpacash.de","og_description":"Beanie large \/ Strickm\u00fctze \/ 100 % Baby Alpaka M\u00fctze in den Farben T\u00fcrkis, Beige, Schwarz und Grau f\u00fcr Damen und Herren geeignet","og_url":"https:\/\/alpacash.de\/wp\/product\/damen-pullover-crewneck-100-baby-alpaka-3-farben\/","og_site_name":"alpacash.de","article_publisher":"https:\/\/www.facebook.com\/Alpacash-568447406988311\/","article_modified_time":"2025-12-05T05:56:54+00:00","og_image":[{"width":1024,"height":972,"url":"https:\/\/alpacash.de\/wp\/wp-content\/uploads\/2021\/11\/DSC1004-1024x972.png","type":"image\/png"}],"twitter_card":"summary_large_image","twitter_misc":{"Gesch\u00e4tzte Lesezeit":"1\u00a0Minute"},"schema":{"@context":"https:\/\/schema.org","@graph":[{"@type":"WebPage","@id":"https:\/\/alpacash.de\/wp\/product\/damen-pullover-crewneck-100-baby-alpaka-3-farben\/","url":"https:\/\/alpacash.de\/wp\/product\/damen-pullover-crewneck-100-baby-alpaka-3-farben\/","name":"Damen Pullover crewneck \/ 100 % Baby Alpaka \/ 3 Farben &#8902; alpacash.de","isPartOf":{"@id":"https:\/\/alpacash.de\/wp\/#website"},"datePublished":"2021-11-15T17:22:03+00:00","dateModified":"2025-12-05T05:56:54+00:00","description":"Beanie large \/ Strickm\u00fctze \/ 100 % Baby Alpaka M\u00fctze in den Farben T\u00fcrkis, Beige, Schwarz und Grau f\u00fcr Damen und Herren geeignet","breadcrumb":{"@id":"https:\/\/alpacash.de\/wp\/product\/damen-pullover-crewneck-100-baby-alpaka-3-farben\/#breadcrumb"},"inLanguage":"de","potentialAction":[{"@type":"ReadAction","target":["https:\/\/alpacash.de\/wp\/product\/damen-pullover-crewneck-100-baby-alpaka-3-farben\/"]}]},{"@type":"BreadcrumbList","@id":"https:\/\/alpacash.de\/wp\/product\/damen-pullover-crewneck-100-baby-alpaka-3-farben\/#breadcrumb","itemListElement":[{"@type":"ListItem","position":1,"name":"Startseite","item":"https:\/\/alpacash.de\/wp\/"},{"@type":"ListItem","position":2,"name":"Alpakashop","item":"https:\/\/alpacash.de\/wp\/shop\/"},{"@type":"ListItem","position":3,"name":"Damen Pullover crewneck \/ 100 % Baby Alpaka \/ 3 Farben"}]},{"@type":"WebSite","@id":"https:\/\/alpacash.de\/wp\/#website","url":"https:\/\/alpacash.de\/wp\/","name":"alpacash.de","description":"Originale Alpaka Kleidung","publisher":{"@id":"https:\/\/alpacash.de\/wp\/#organization"},"potentialAction":[{"@type":"SearchAction","target":{"@type":"EntryPoint","urlTemplate":"https:\/\/alpacash.de\/wp\/?s={search_term_string}"},"query-input":"required name=search_term_string"}],"inLanguage":"de"},{"@type":"Organization","@id":"https:\/\/alpacash.de\/wp\/#organization","name":"Alpacash","url":"https:\/\/alpacash.de\/wp\/","logo":{"@type":"ImageObject","inLanguage":"de","@id":"https:\/\/alpacash.de\/wp\/#\/schema\/logo\/image\/","url":"https:\/\/alpacash.de\/wp\/wp-content\/uploads\/2019\/10\/AC_logo_07_14_bw.jpg","contentUrl":"https:\/\/alpacash.de\/wp\/wp-content\/uploads\/2019\/10\/AC_logo_07_14_bw.jpg","width":4013,"height":3708,"caption":"Alpacash"},"image":{"@id":"https:\/\/alpacash.de\/wp\/#\/schema\/logo\/image\/"},"sameAs":["https:\/\/www.instagram.com\/alpacash_clothing\/","https:\/\/www.facebook.com\/Alpacash-568447406988311\/"]}]}},"jetpack_sharing_enabled":true,"_links":{"self":[{"href":"https:\/\/alpacash.de\/wp\/wp-json\/wp\/v2\/product\/1463"}],"collection":[{"href":"https:\/\/alpacash.de\/wp\/wp-json\/wp\/v2\/product"}],"about":[{"href":"https:\/\/alpacash.de\/wp\/wp-json\/wp\/v2\/types\/product"}],"replies":[{"embeddable":true,"href":"https:\/\/alpacash.de\/wp\/wp-json\/wp\/v2\/comments?post=1463"}],"wp:featuredmedia":[{"embeddable":true,"href":"https:\/\/alpacash.de\/wp\/wp-json\/wp\/v2\/media\/1511"}],"wp:attachment":[{"href":"https:\/\/alpacash.de\/wp\/wp-json\/wp\/v2\/media?parent=1463"}],"wp:term":[{"taxonomy":"product_cat","embeddable":true,"href":"https:\/\/alpacash.de\/wp\/wp-json\/wp\/v2\/product_cat?post=1463"},{"taxonomy":"product_tag","embeddable":true,"href":"https:\/\/alpacash.de\/wp\/wp-json\/wp\/v2\/product_tag?post=1463"}],"curies":[{"name":"wp","href":"https:\/\/api.w.org\/{rel}","templated":true}]}}